{"id":11087,"date":"2024-09-16T08:50:57","date_gmt":"2024-09-16T08:50:57","guid":{"rendered":"https:\/\/uniball.fi\/tuote\/3-5-kw-ultrakevyt-lammityslaite\/"},"modified":"2026-01-23T10:07:33","modified_gmt":"2026-01-23T08:07:33","slug":"3-5-kw-ultrakevyt-lammityslaite","status":"publish","type":"product","link":"https:\/\/uniball.fi\/en\/tuote\/3-5-kw-ultrakevyt-lammityslaite\/","title":{"rendered":"3.5 KW ultrakevyt l\u00e4mmityslaite"},"content":{"rendered":"<p>3.5Kw ultrakevyt l\u00e4mmityslaite, kuparinen kenno jonka ansiosta eritt\u00e4in hyv\u00e4 l\u00e4mm\u00f6ntuotto kokoonsa n\u00e4hden. L\u00f6ytyy my\u00f6s sopivia venttiileit\u00e4 sek\u00e4 tuulilasille ett\u00e4 ohjaamoon. My\u00f6s vaihtoventtiili jolla voi s\u00e4\u00e4t\u00e4\u00e4 ilmanvirtausta.<\/p>\n<hr \/>\n<p>L\u00e4mmitysteho: 3.5kw<\/p>\n<p>Ilmavirtaus (322m3\/h)<\/p>\n<p>J\u00e4nnite: 12v DC<\/p>\n<p>Virrankulutus: 3A k\u00e4ynnistyminen, 2A jatkuva<br \/>\nPaino: 1.15kg<br \/>\nVesiletkul\u00e4hd\u00f6t: 13mm<br \/>\nIlmaliit\u00e4nn\u00e4t (x4): 51mm<\/p>\n","protected":false},"excerpt":{"rendered":"<p>3.5Kw ultrakevyt l\u00e4mmityslaite, kuparinen kenno jonka ansiosta eritt\u00e4in hyv\u00e4 l\u00e4mm\u00f6ntuotto kokoonsa n\u00e4hden. L\u00f6ytyy my\u00f6s sopivia venttiileit\u00e4 sek\u00e4 tuulilasille ett\u00e4 ohjaamoon. My\u00f6s vaihtoventtiili jolla voi s\u00e4\u00e4t\u00e4\u00e4 ilmanvirtausta. L\u00e4mmitysteho: 3.5kw Ilmavirtaus (322m3\/h)&#8230;<\/p>\n","protected":false},"featured_media":12017,"comment_status":"open","ping_status":"closed","template":"","meta":{"_acf_changed":false},"product_brand":[],"product_cat":[512],"product_tag":[],"class_list":{"0":"post-11087","1":"product","2":"type-product","3":"status-publish","4":"has-post-thumbnail","6":"product_cat-sahkotarvikkeet","8":"first","9":"instock","10":"taxable","11":"shipping-taxable","12":"purchasable","13":"product-type-simple"},"bundled_by":[],"bundle_stock_status":"instock","bundle_stock_quantity":null,"bundle_virtual":false,"bundle_layout":"","bundle_add_to_cart_form_location":"","bundle_editable_in_cart":false,"bundle_sold_individually_context":"","bundle_item_grouping":"","bundle_min_size":"","bundle_max_size":"","bundle_price":[],"bundled_items":[],"bundle_sell_ids":[],"acf":[],"_links":{"self":[{"href":"https:\/\/uniball.fi\/en\/wp-json\/wp\/v2\/product\/11087","targetHints":{"allow":["GET"]}}],"collection":[{"href":"https:\/\/uniball.fi\/en\/wp-json\/wp\/v2\/product"}],"about":[{"href":"https:\/\/uniball.fi\/en\/wp-json\/wp\/v2\/types\/product"}],"replies":[{"embeddable":true,"href":"https:\/\/uniball.fi\/en\/wp-json\/wp\/v2\/comments?post=11087"}],"wp:featuredmedia":[{"embeddable":true,"href":"https:\/\/uniball.fi\/en\/wp-json\/wp\/v2\/media\/12017"}],"wp:attachment":[{"href":"https:\/\/uniball.fi\/en\/wp-json\/wp\/v2\/media?parent=11087"}],"wp:term":[{"taxonomy":"product_brand","embeddable":true,"href":"https:\/\/uniball.fi\/en\/wp-json\/wp\/v2\/product_brand?post=11087"},{"taxonomy":"product_cat","embeddable":true,"href":"https:\/\/uniball.fi\/en\/wp-json\/wp\/v2\/product_cat?post=11087"},{"taxonomy":"product_tag","embeddable":true,"href":"https:\/\/uniball.fi\/en\/wp-json\/wp\/v2\/product_tag?post=11087"}],"curies":[{"name":"wp","href":"https:\/\/api.w.org\/{rel}","templated":true}]}}