{"id":11505,"date":"2024-11-07T12:40:31","date_gmt":"2024-11-07T10:40:31","guid":{"rendered":"https:\/\/uniball.fi\/?post_type=product&#038;p=11505"},"modified":"2026-04-06T14:05:29","modified_gmt":"2026-04-06T12:05:29","slug":"kuusiokoloruuvit-10-9","status":"publish","type":"product","link":"https:\/\/uniball.fi\/en\/tuote\/kuusiokoloruuvit-10-9\/","title":{"rendered":"Kuusiokoloruuvit  10.9"},"content":{"rendered":"<p>Kuusiokoloruuvit musta DIN 912 kovuus 10.9. Huom. kuvassa n\u00e4kyv\u00e4 ruuvi on vain malliruuvi yhdest\u00e4 mitasta. Tarkista kierteiden pituudet alta.<\/p>\n<p>&nbsp;<\/p>\n<p>&nbsp;<\/p>\n<table width=\"100%\" cellspacing=\"0\" cellpadding=\"2\">\n<tbody>\n<tr>\n<td><strong>Ruuvi<\/strong><\/td>\n<td><strong>Mitat<\/strong><\/td>\n<td><strong>Hinta<\/strong><\/td>\n<\/tr>\n<tr>\n<td>M4X10<\/td>\n<td>10mm<\/td>\n<td>0,18 \u20ac<\/td>\n<\/tr>\n<tr>\n<td>M4X20<\/td>\n<td>20mm<\/td>\n<td>0,20\u00a0\u20ac<\/td>\n<\/tr>\n<tr>\n<td>M4X30<\/td>\n<td>30mm, josta kierrett\u00e4 n.\u00a021mm<\/td>\n<td>0,21\u00a0\u20ac<\/td>\n<\/tr>\n<tr>\n<td><\/td>\n<td><\/td>\n<td><\/td>\n<\/tr>\n<tr>\n<td>M5X10<\/td>\n<td>10mm<\/td>\n<td>0,18\u00a0\u20ac<\/td>\n<\/tr>\n<tr>\n<td>M5X20<\/td>\n<td>20mm<\/td>\n<td>0,20\u00a0\u20ac<\/td>\n<\/tr>\n<tr>\n<td>M5X30<\/td>\n<td>30mm, josta kierrett\u00e4 n.\u00a023.5mm<\/td>\n<td>0,24\u00a0\u20ac<\/td>\n<\/tr>\n<tr>\n<td><\/td>\n<td><\/td>\n<td><\/td>\n<\/tr>\n<tr>\n<td>M6X10<\/td>\n<td>10mm<\/td>\n<td>0,20\u00a0\u20ac<\/td>\n<\/tr>\n<tr>\n<td>M6X16<\/td>\n<td>16mm<\/td>\n<td>0,21\u00a0\u20ac<\/td>\n<\/tr>\n<tr>\n<td>M6X20<\/td>\n<td>20mm<\/td>\n<td>0,24\u00a0\u20ac<\/td>\n<\/tr>\n<tr>\n<td>M6X25<\/td>\n<td>25mm<\/td>\n<td>0,24\u00a0\u20ac<\/td>\n<\/tr>\n<tr>\n<td>M6X30<\/td>\n<td>30mm<\/td>\n<td>0,27\u00a0\u20ac<\/td>\n<\/tr>\n<tr>\n<td>M6X35<\/td>\n<td>35mm, josta kierrett\u00e4 n.\u00a025mm<\/td>\n<td>0,26\u00a0\u20ac<\/td>\n<\/tr>\n<tr>\n<td>M6X40<\/td>\n<td>40mm, josta kierrett\u00e4 n.\u00a026mm<\/td>\n<td>0,27\u00a0\u20ac<\/td>\n<\/tr>\n<tr>\n<td>M6X45<\/td>\n<td>45mm, josta kierrett\u00e4 n.\u00a026mm<\/td>\n<td>0,30\u00a0\u20ac<\/td>\n<\/tr>\n<tr>\n<td>M6X50<\/td>\n<td>50mm, josta kierrett\u00e4 n.\u00a026mm<\/td>\n<td>0,33\u00a0\u20ac<\/td>\n<\/tr>\n<tr>\n<td>M6X55<\/td>\n<td>55mm, josta kierrett\u00e4 n. 26mm<\/td>\n<td>0,33\u00a0\u20ac<\/td>\n<\/tr>\n<tr>\n<td>M6X60<\/td>\n<td>60mm, josta kierrett\u00e4 n.\u00a026mm<\/td>\n<td>0,36 \u20ac<\/td>\n<\/tr>\n<tr>\n<td>M6X65<\/td>\n<td>65mm, josta kierrett\u00e4 n.\u00a026mm<\/td>\n<td>0,39\u00a0\u20ac<\/td>\n<\/tr>\n<tr>\n<td>M6X70<\/td>\n<td>70mm, josta kierrett\u00e4 n.\u00a026mm<\/td>\n<td>0,42\u00a0\u20ac<\/td>\n<\/tr>\n<tr>\n<td><\/td>\n<td><\/td>\n<td><\/td>\n<\/tr>\n<tr>\n<td>M8X10<\/td>\n<td>10mm<\/td>\n<td>0,33\u00a0\u20ac<\/td>\n<\/tr>\n<tr>\n<td>M8X16<\/td>\n<td>16mm, josta kierrett\u00e4 n. 14mm<\/td>\n<td>0,27\u00a0\u20ac<\/td>\n<\/tr>\n<tr>\n<td>M8X20<\/td>\n<td>20mm, josta kierrett\u00e4 n. 18mm<\/td>\n<td>0,30\u00a0\u20ac<\/td>\n<\/tr>\n<tr>\n<td>M8X25<\/td>\n<td>25mm, josta kierrett\u00e4 n.\u00a023mm<\/td>\n<td>0,30\u00a0\u20ac<\/td>\n<\/tr>\n<tr>\n<td>M8X30<\/td>\n<td>30mm, josta kierrett\u00e4 n.\u00a028mm<\/td>\n<td>0,33\u00a0\u20ac<\/td>\n<\/tr>\n<tr>\n<td>M8X45<\/td>\n<td>45mm, josta kierrett\u00e4 n. 30mm<\/td>\n<td>0,45\u00a0\u20ac<\/td>\n<\/tr>\n<tr>\n<td>M8X50<\/td>\n<td>50mm, josta kierrett\u00e4 n. 30mm<\/td>\n<td>0,51\u00a0\u20ac<\/td>\n<\/tr>\n<tr>\n<td>M8X55<\/td>\n<td>55mm, josta kierrett\u00e4 n. 30mm<\/td>\n<td>0,54\u00a0\u20ac<\/td>\n<\/tr>\n<tr>\n<td>M8X60<\/td>\n<td>60mm, josta kierrett\u00e4 n. 30.5mm<\/td>\n<td>0,57\u00a0\u20ac<\/td>\n<\/tr>\n<tr>\n<td>M8X65<\/td>\n<td>65mm, josta kierrett\u00e4 n. 30.5mm<\/td>\n<td>0,60\u00a0\u20ac<\/td>\n<\/tr>\n<tr>\n<td>M8X70<\/td>\n<td>70mm, josta kierrett\u00e4 n. 30.5mm<\/td>\n<td>0,63\u00a0\u20ac<\/td>\n<\/tr>\n<tr>\n<td><\/td>\n<td><\/td>\n<td><\/td>\n<\/tr>\n<tr>\n<td>M10X10<\/td>\n<td>10mm<\/td>\n<td>0,36\u00a0\u20ac<\/td>\n<\/tr>\n<tr>\n<td>M10X16<\/td>\n<td>16mm, josta kierrett\u00e4 n. 14mm<\/td>\n<td>0,39\u00a0\u20ac<\/td>\n<\/tr>\n<tr>\n<td>M10X20<\/td>\n<td>20mm, josta kierrett\u00e4 n. 18mm<\/td>\n<td>0,42\u00a0\u20ac<\/td>\n<\/tr>\n<tr>\n<td>M10X25<\/td>\n<td>25mm, josta kierrett\u00e4 n. 24mm<\/td>\n<td>0,48\u00a0\u20ac<\/td>\n<\/tr>\n<tr>\n<td>M10X30<\/td>\n<td>30mm, josta kierrett\u00e4 n. 27mm<\/td>\n<td>0,51\u00a0\u20ac<\/td>\n<\/tr>\n<tr>\n<td>M10X35<\/td>\n<td>35mm, josta kierrett\u00e4 n. 33mm<\/td>\n<td>0,54\u00a0\u20ac<\/td>\n<\/tr>\n<tr>\n<td>M10X40<\/td>\n<td>40mm, josta kierrett\u00e4 n. 36mm<\/td>\n<td>0,57\u00a0\u20ac<\/td>\n<\/tr>\n<tr>\n<td>M10X45<\/td>\n<td>45mm, josta kierrett\u00e4 n. 34mm<\/td>\n<td>0,60\u00a0\u20ac<\/td>\n<\/tr>\n<tr>\n<td>M10X50<\/td>\n<td>50mm, josta kierrett\u00e4 n. 30mm<\/td>\n<td>0,63\u00a0\u20ac<\/td>\n<\/tr>\n<tr>\n<td>M10X55<\/td>\n<td>55mm, josta kierrett\u00e4 n. 34mm<\/td>\n<td>0,66\u00a0\u20ac<\/td>\n<\/tr>\n<tr>\n<td>M10X60<\/td>\n<td>60mm, josta kierrett\u00e4 n. 34mm<\/td>\n<td>0,69\u00a0\u20ac<\/td>\n<\/tr>\n<tr>\n<td>M10X65<\/td>\n<td>65mm, josta kierrett\u00e4 n. 34mm<\/td>\n<td>0,72\u00a0\u20ac<\/td>\n<\/tr>\n<tr>\n<td>M10X70<\/td>\n<td>70mm, josta kierrett\u00e4 n. 34mm<\/td>\n<td>0,75\u00a0\u20ac<\/td>\n<\/tr>\n<\/tbody>\n<\/table>\n","protected":false},"excerpt":{"rendered":"<p>Kuusiokoloruuvit musta DIN 912 kovuus 10.9.<\/p>\n","protected":false},"featured_media":14354,"comment_status":"open","ping_status":"closed","template":"","meta":{"_acf_changed":false},"product_brand":[],"product_cat":[1794],"product_tag":[],"class_list":{"0":"post-11505","1":"product","2":"type-product","3":"status-publish","4":"has-post-thumbnail","6":"product_cat-kuusiokoloruuvi-10-9","8":"first","9":"instock","10":"taxable","11":"shipping-taxable","12":"purchasable","13":"product-type-variable"},"bundled_by":[],"bundle_stock_status":"instock","bundle_stock_quantity":null,"bundle_virtual":false,"bundle_layout":"","bundle_add_to_cart_form_location":"","bundle_editable_in_cart":false,"bundle_sold_individually_context":"","bundle_item_grouping":"","bundle_min_size":"","bundle_max_size":"","bundle_price":[],"bundled_items":[],"bundle_sell_ids":[],"acf":[],"_links":{"self":[{"href":"https:\/\/uniball.fi\/en\/wp-json\/wp\/v2\/product\/11505","targetHints":{"allow":["GET"]}}],"collection":[{"href":"https:\/\/uniball.fi\/en\/wp-json\/wp\/v2\/product"}],"about":[{"href":"https:\/\/uniball.fi\/en\/wp-json\/wp\/v2\/types\/product"}],"replies":[{"embeddable":true,"href":"https:\/\/uniball.fi\/en\/wp-json\/wp\/v2\/comments?post=11505"}],"wp:featuredmedia":[{"embeddable":true,"href":"https:\/\/uniball.fi\/en\/wp-json\/wp\/v2\/media\/14354"}],"wp:attachment":[{"href":"https:\/\/uniball.fi\/en\/wp-json\/wp\/v2\/media?parent=11505"}],"wp:term":[{"taxonomy":"product_brand","embeddable":true,"href":"https:\/\/uniball.fi\/en\/wp-json\/wp\/v2\/product_brand?post=11505"},{"taxonomy":"product_cat","embeddable":true,"href":"https:\/\/uniball.fi\/en\/wp-json\/wp\/v2\/product_cat?post=11505"},{"taxonomy":"product_tag","embeddable":true,"href":"https:\/\/uniball.fi\/en\/wp-json\/wp\/v2\/product_tag?post=11505"}],"curies":[{"name":"wp","href":"https:\/\/api.w.org\/{rel}","templated":true}]}}