{"id":11511,"date":"2024-11-07T11:09:49","date_gmt":"2024-11-07T11:09:49","guid":{"rendered":"https:\/\/uniball.fi\/?post_type=product&#038;p=11511"},"modified":"2026-04-06T14:05:31","modified_gmt":"2026-04-06T12:05:31","slug":"nylock-mutterit","status":"publish","type":"product","link":"https:\/\/uniball.fi\/en\/tuote\/nylock-mutterit\/","title":{"rendered":"Nylock Mutterit."},"content":{"rendered":"<p>Lukitusmutterit, oikeak\u00e4tiset. Jos tarvitset erikoismittaisia tai erikoisnousuisia muttereita voimme valmistaa niit\u00e4. Esim. M8x0.5, M8x0.75, M8x1.0 jne. Ota yhteytt\u00e4.<\/p>\n<hr \/>\n<table width=\"100%\" cellspacing=\"0\" cellpadding=\"2\">\n<tbody>\n<tr>\n<td>Mutteri<\/td>\n<td><strong>Mitat<\/strong><\/td>\n<td><\/td>\n<td><strong>Hinta<\/strong><\/td>\n<\/tr>\n<tr>\n<td>M8x1.25<\/td>\n<td>V\u00e4\u00e4nti\u00f6 13mm<\/td>\n<td><\/td>\n<td>0,05 \u20ac<\/td>\n<\/tr>\n<tr>\n<td>M10x1.5<\/td>\n<td>V\u00e4\u00e4nti\u00f6 17mm,<\/td>\n<td><\/td>\n<td>0,10 \u20ac<\/td>\n<\/tr>\n<tr>\n<td>M12x1.25<\/td>\n<td>V\u00e4\u00e4nti\u00f6 22mm<\/td>\n<td><\/td>\n<td>0,60 \u20ac<\/td>\n<\/tr>\n<tr>\n<td>M12x1.5<\/td>\n<td>V\u00e4\u00e4nti\u00f6 17mm<\/td>\n<td><\/td>\n<td>0,70 \u20ac<\/td>\n<\/tr>\n<tr>\n<td>M12x1.75<\/td>\n<td>V\u00e4\u00e4nti\u00f6 19mm<\/td>\n<td><\/td>\n<td>0,10 \u20ac<\/td>\n<\/tr>\n<tr>\n<td>M14x1.5<\/td>\n<td>V\u00e4\u00e4nti\u00f6 22mm<\/td>\n<td><\/td>\n<td>0,80 \u20ac<\/td>\n<\/tr>\n<tr>\n<td>M14x2.0<\/td>\n<td>V\u00e4\u00e4nti\u00f6 22mm<\/td>\n<td><\/td>\n<td>0,10 \u20ac<\/td>\n<\/tr>\n<tr>\n<td>M16x1.5<\/td>\n<td>V\u00e4\u00e4nti\u00f6 24mm<\/td>\n<td><\/td>\n<td>0,90 \u20ac<\/td>\n<\/tr>\n<tr>\n<td>M16x2.0<\/td>\n<td>V\u00e4\u00e4nti\u00f6 24mm<\/td>\n<td><\/td>\n<td>0,10 \u20ac<\/td>\n<\/tr>\n<tr>\n<td>M18x1.5<\/td>\n<td>V\u00e4\u00e4nti\u00f6 27mm<\/td>\n<td><\/td>\n<td>0,90 \u20ac<\/td>\n<\/tr>\n<\/tbody>\n<\/table>\n","protected":false},"excerpt":{"rendered":"<p>Lukitusmutterit, oikeak\u00e4tiset.<\/p>\n","protected":false},"featured_media":11841,"comment_status":"open","ping_status":"closed","template":"","meta":{"_acf_changed":false},"product_brand":[],"product_cat":[1789],"product_tag":[],"class_list":{"0":"post-11511","1":"product","2":"type-product","3":"status-publish","4":"has-post-thumbnail","6":"product_cat-nylock-oikea","8":"first","9":"instock","10":"taxable","11":"shipping-taxable","12":"purchasable","13":"product-type-variable"},"bundled_by":[],"bundle_stock_status":"instock","bundle_stock_quantity":null,"bundle_virtual":false,"bundle_layout":"","bundle_add_to_cart_form_location":"","bundle_editable_in_cart":false,"bundle_sold_individually_context":"","bundle_item_grouping":"","bundle_min_size":"","bundle_max_size":"","bundle_price":[],"bundled_items":[],"bundle_sell_ids":[],"acf":[],"_links":{"self":[{"href":"https:\/\/uniball.fi\/en\/wp-json\/wp\/v2\/product\/11511","targetHints":{"allow":["GET"]}}],"collection":[{"href":"https:\/\/uniball.fi\/en\/wp-json\/wp\/v2\/product"}],"about":[{"href":"https:\/\/uniball.fi\/en\/wp-json\/wp\/v2\/types\/product"}],"replies":[{"embeddable":true,"href":"https:\/\/uniball.fi\/en\/wp-json\/wp\/v2\/comments?post=11511"}],"wp:featuredmedia":[{"embeddable":true,"href":"https:\/\/uniball.fi\/en\/wp-json\/wp\/v2\/media\/11841"}],"wp:attachment":[{"href":"https:\/\/uniball.fi\/en\/wp-json\/wp\/v2\/media?parent=11511"}],"wp:term":[{"taxonomy":"product_brand","embeddable":true,"href":"https:\/\/uniball.fi\/en\/wp-json\/wp\/v2\/product_brand?post=11511"},{"taxonomy":"product_cat","embeddable":true,"href":"https:\/\/uniball.fi\/en\/wp-json\/wp\/v2\/product_cat?post=11511"},{"taxonomy":"product_tag","embeddable":true,"href":"https:\/\/uniball.fi\/en\/wp-json\/wp\/v2\/product_tag?post=11511"}],"curies":[{"name":"wp","href":"https:\/\/api.w.org\/{rel}","templated":true}]}}