{"id":13885,"date":"2024-09-16T08:47:49","date_gmt":"2024-09-16T06:47:49","guid":{"rendered":"https:\/\/uniball.fi\/tuote\/porsche-993-takaripustuksen-kova-prikka-kulmikas\/"},"modified":"2025-04-21T02:58:20","modified_gmt":"2025-04-21T00:58:20","slug":"porsche-993-takaripustuksen-kova-prikka-kulmikas","status":"publish","type":"product","link":"https:\/\/uniball.fi\/en\/tuote\/porsche-993-takaripustuksen-kova-prikka-kulmikas\/","title":{"rendered":"Porsche 993 takaripustuksen kova prikka, kulmikas"},"content":{"rendered":"<p>Valmistetty erityisesti Porshe 993 malliin. T\u00e4ysi Cromo 4130 rakenne. Myyd\u00e4\u00e4n&nbsp; kappaleittain.<\/p>\n","protected":false},"excerpt":{"rendered":"<p>Valmistetty erityisesti Porshe 993 malliin. T\u00e4ysi Cromo 4130 rakenne. Myyd\u00e4\u00e4n&nbsp; kappaleittain.<\/p>\n","protected":false},"featured_media":3115,"comment_status":"open","ping_status":"open","template":"","meta":{"_acf_changed":false},"product_brand":[],"product_cat":[530],"product_tag":[],"class_list":{"0":"post-13885","1":"product","2":"type-product","3":"status-publish","4":"has-post-thumbnail","6":"product_cat-530","8":"first","9":"instock","10":"taxable","11":"shipping-taxable","12":"purchasable","13":"product-type-simple"},"bundled_by":[],"bundle_stock_status":"instock","bundle_stock_quantity":null,"bundle_virtual":false,"bundle_layout":"","bundle_add_to_cart_form_location":"","bundle_editable_in_cart":false,"bundle_sold_individually_context":"","bundle_item_grouping":"","bundle_min_size":"","bundle_max_size":"","bundle_price":[],"bundled_items":[],"bundle_sell_ids":[],"acf":[],"_links":{"self":[{"href":"https:\/\/uniball.fi\/en\/wp-json\/wp\/v2\/product\/13885","targetHints":{"allow":["GET"]}}],"collection":[{"href":"https:\/\/uniball.fi\/en\/wp-json\/wp\/v2\/product"}],"about":[{"href":"https:\/\/uniball.fi\/en\/wp-json\/wp\/v2\/types\/product"}],"replies":[{"embeddable":true,"href":"https:\/\/uniball.fi\/en\/wp-json\/wp\/v2\/comments?post=13885"}],"wp:featuredmedia":[{"embeddable":true,"href":"https:\/\/uniball.fi\/en\/wp-json\/wp\/v2\/media\/3115"}],"wp:attachment":[{"href":"https:\/\/uniball.fi\/en\/wp-json\/wp\/v2\/media?parent=13885"}],"wp:term":[{"taxonomy":"product_brand","embeddable":true,"href":"https:\/\/uniball.fi\/en\/wp-json\/wp\/v2\/product_brand?post=13885"},{"taxonomy":"product_cat","embeddable":true,"href":"https:\/\/uniball.fi\/en\/wp-json\/wp\/v2\/product_cat?post=13885"},{"taxonomy":"product_tag","embeddable":true,"href":"https:\/\/uniball.fi\/en\/wp-json\/wp\/v2\/product_tag?post=13885"}],"curies":[{"name":"wp","href":"https:\/\/api.w.org\/{rel}","templated":true}]}}