{"id":14438,"date":"2024-09-16T08:47:27","date_gmt":"2024-09-16T06:47:27","guid":{"rendered":"https:\/\/uniball.fi\/tuote\/can-am-maverick-x3-xrs-17-taka-alatukivarret\/"},"modified":"2025-04-22T13:51:32","modified_gmt":"2025-04-22T11:51:32","slug":"can-am-maverick-x3-xrs-17-taka-alatukivarret","status":"publish","type":"product","link":"https:\/\/uniball.fi\/en\/tuote\/can-am-maverick-x3-xrs-17-taka-alatukivarret\/","title":{"rendered":"Can-Am Maverick X3 XRS -17 taka-alatukivarret"},"content":{"rendered":"<p style=\"font-size: 12px; line-height: 14.4px;\">Can-Am Maverick X3 XRS -17 taka-alapoikittisvarsi. K\u00e4y suoraan vakion tilalle. Tehty 4130 cromoter\u00e4ksest\u00e4. M16x1.5 cromo nivelet. Saat t\u00e4m\u00e4n my\u00f6s halutulla mitalla jos pituuden muutokseen on tarvetta.    &nbsp;<\/p>\n<p style=\"font-size: 12px; line-height: 14.4px;\">&#8211; 2x cromo putket joissa v\u00e4\u00e4nti\u00f6lliset kierrehelat<\/p>\n<p style=\"font-size: 12px; line-height: 14.4px;\">&#8211; 2x oikea M16x1.5 nivelet ja&nbsp; 2x vasen M16x1.5 cromo nivelet = paikallaan s\u00e4\u00e4dett\u00e4v\u00e4t<\/p>\n<p style=\"font-size: 12px; line-height: 14.4px;\">&#8211; tig hitsattu ja jauhemaalattu<\/p>\n","protected":false},"excerpt":{"rendered":"<p>Can-Am Maverick X3 XRS -17 taka-alapoikittisvarsi. K\u00e4y suoraan vakion tilalle. Tehty 4130 cromoter\u00e4ksest\u00e4. M16x1.5 cromo nivelet. Saat t\u00e4m\u00e4n my\u00f6s halutulla mitalla jos pituuden muutokseen on tarvetta. &nbsp; &#8211; 2x cromo&#8230;<\/p>\n","protected":false},"featured_media":2664,"comment_status":"open","ping_status":"open","template":"","meta":{"_acf_changed":false},"product_brand":[],"product_cat":[16],"product_tag":[],"class_list":{"0":"post-14438","1":"product","2":"type-product","3":"status-publish","4":"has-post-thumbnail","6":"product_cat-uncategorized","8":"first","9":"instock","10":"taxable","11":"shipping-taxable","12":"purchasable","13":"product-type-simple"},"bundled_by":[],"bundle_stock_status":"instock","bundle_stock_quantity":null,"bundle_virtual":false,"bundle_layout":"","bundle_add_to_cart_form_location":"","bundle_editable_in_cart":false,"bundle_sold_individually_context":"","bundle_item_grouping":"","bundle_min_size":"","bundle_max_size":"","bundle_price":[],"bundled_items":[],"bundle_sell_ids":[],"acf":[],"_links":{"self":[{"href":"https:\/\/uniball.fi\/en\/wp-json\/wp\/v2\/product\/14438","targetHints":{"allow":["GET"]}}],"collection":[{"href":"https:\/\/uniball.fi\/en\/wp-json\/wp\/v2\/product"}],"about":[{"href":"https:\/\/uniball.fi\/en\/wp-json\/wp\/v2\/types\/product"}],"replies":[{"embeddable":true,"href":"https:\/\/uniball.fi\/en\/wp-json\/wp\/v2\/comments?post=14438"}],"wp:featuredmedia":[{"embeddable":true,"href":"https:\/\/uniball.fi\/en\/wp-json\/wp\/v2\/media\/2664"}],"wp:attachment":[{"href":"https:\/\/uniball.fi\/en\/wp-json\/wp\/v2\/media?parent=14438"}],"wp:term":[{"taxonomy":"product_brand","embeddable":true,"href":"https:\/\/uniball.fi\/en\/wp-json\/wp\/v2\/product_brand?post=14438"},{"taxonomy":"product_cat","embeddable":true,"href":"https:\/\/uniball.fi\/en\/wp-json\/wp\/v2\/product_cat?post=14438"},{"taxonomy":"product_tag","embeddable":true,"href":"https:\/\/uniball.fi\/en\/wp-json\/wp\/v2\/product_tag?post=14438"}],"curies":[{"name":"wp","href":"https:\/\/api.w.org\/{rel}","templated":true}]}}