{"id":14440,"date":"2024-09-16T08:47:29","date_gmt":"2024-09-16T06:47:29","guid":{"rendered":"https:\/\/uniball.fi\/tuote\/can-am-maverick-x3-xrs-17-etuvakaajan-yhdystangot\/"},"modified":"2025-04-22T13:51:32","modified_gmt":"2025-04-22T11:51:32","slug":"can-am-maverick-x3-xrs-17-etuvakaajan-yhdystangot","status":"publish","type":"product","link":"https:\/\/uniball.fi\/en\/tuote\/can-am-maverick-x3-xrs-17-etuvakaajan-yhdystangot\/","title":{"rendered":"Can-Am Maverick X3 XRS -17 etuvakaajan yhdystangot"},"content":{"rendered":"<p>Can-Am Maverick X3 XRS&nbsp; -17 etukallistuksenvakaajan yhdystanko, s\u00e4\u00e4dett\u00e4v\u00e4. S\u00e4\u00e4dett\u00e4v\u00e4.<\/p>\n<p>&#8211; Myyd\u00e4\u00e4n pareittain<br \/>&#8211; Cromo uniball nivelet uros+ naaras ja sopivat poikkitapit<\/p>\n","protected":false},"excerpt":{"rendered":"<p>Can-Am Maverick X3 XRS&nbsp; -17 etukallistuksenvakaajan yhdystanko, s\u00e4\u00e4dett\u00e4v\u00e4. S\u00e4\u00e4dett\u00e4v\u00e4. &#8211; Myyd\u00e4\u00e4n pareittain&#8211; Cromo uniball nivelet uros+ naaras ja sopivat poikkitapit<\/p>\n","protected":false},"featured_media":2669,"comment_status":"open","ping_status":"open","template":"","meta":{"_acf_changed":false},"product_brand":[],"product_cat":[16],"product_tag":[],"class_list":{"0":"post-14440","1":"product","2":"type-product","3":"status-publish","4":"has-post-thumbnail","6":"product_cat-uncategorized","8":"first","9":"instock","10":"taxable","11":"shipping-taxable","12":"purchasable","13":"product-type-simple"},"bundled_by":[],"bundle_stock_status":"instock","bundle_stock_quantity":null,"bundle_virtual":false,"bundle_layout":"","bundle_add_to_cart_form_location":"","bundle_editable_in_cart":false,"bundle_sold_individually_context":"","bundle_item_grouping":"","bundle_min_size":"","bundle_max_size":"","bundle_price":[],"bundled_items":[],"bundle_sell_ids":[],"acf":[],"_links":{"self":[{"href":"https:\/\/uniball.fi\/en\/wp-json\/wp\/v2\/product\/14440","targetHints":{"allow":["GET"]}}],"collection":[{"href":"https:\/\/uniball.fi\/en\/wp-json\/wp\/v2\/product"}],"about":[{"href":"https:\/\/uniball.fi\/en\/wp-json\/wp\/v2\/types\/product"}],"replies":[{"embeddable":true,"href":"https:\/\/uniball.fi\/en\/wp-json\/wp\/v2\/comments?post=14440"}],"wp:featuredmedia":[{"embeddable":true,"href":"https:\/\/uniball.fi\/en\/wp-json\/wp\/v2\/media\/2669"}],"wp:attachment":[{"href":"https:\/\/uniball.fi\/en\/wp-json\/wp\/v2\/media?parent=14440"}],"wp:term":[{"taxonomy":"product_brand","embeddable":true,"href":"https:\/\/uniball.fi\/en\/wp-json\/wp\/v2\/product_brand?post=14440"},{"taxonomy":"product_cat","embeddable":true,"href":"https:\/\/uniball.fi\/en\/wp-json\/wp\/v2\/product_cat?post=14440"},{"taxonomy":"product_tag","embeddable":true,"href":"https:\/\/uniball.fi\/en\/wp-json\/wp\/v2\/product_tag?post=14440"}],"curies":[{"name":"wp","href":"https:\/\/api.w.org\/{rel}","templated":true}]}}