{"id":16443,"date":"2024-12-26T15:23:41","date_gmt":"2024-12-26T13:23:41","guid":{"rendered":"https:\/\/uniball.fi\/?post_type=product&#038;p=16443"},"modified":"2026-03-22T10:04:28","modified_gmt":"2026-03-22T08:04:28","slug":"finess-katukaaret-45x3mm","status":"publish","type":"product","link":"https:\/\/uniball.fi\/en\/tuote\/finess-katukaaret-45x3mm\/","title":{"rendered":"Finess katu puolikaaret 45x3mm"},"content":{"rendered":"<div class=\"col-66\">\n<p><strong>HUOMIO! Trafin uusimmissa ohjeissa on m\u00e4\u00e4ritelty katuk\u00e4ytt\u00f6\u00f6n katsastettavien turvakaarien minimimitat!! N\u00e4iden turvakaarien mitta 45x3mm ylitt\u00e4\u00e4 vaaditun minimin joka on 42x3mm. My\u00f6s pohjalevyt ovat vaaditut 150x150mm. Tarkista Trafin ohje ennen asennusta.<\/strong><\/p>\n<p>&nbsp;<\/p>\n<p>&nbsp;<\/p>\n<p>Finess turvakaaripaketti katu\/kiihdytys k\u00e4ytt\u00f6\u00f6n. Hintaan tulee kuvan mukaiset putket mallikohtaisesti taivutettuina. Putket ovat hieman ylipitki\u00e4 jonka-avulla voit s\u00e4\u00e4t\u00e4\u00e4 esim. p\u00e4\u00e4kaaren paikkaa itsellesi sopivaksi. Putkien p\u00e4\u00e4t pit\u00e4\u00e4 itse sovittaa hitsausta varten. Hintaan kuuluu kaikki vahvikkeet ja korikiinnikkeet. Turvakaaret on valmistettu s\u00e4\u00e4nt\u00f6jenmukaisesta 45x3mm putkesta.<\/p>\n<p>&nbsp;<\/p>\n<p>Turvakaaria EI VOI L\u00c4HETT\u00c4\u00c4 POSTIENNAKOLLA TAI MATKAHUOLLON ENNAKOLLA. Vain Paytrail maksu tai Collector lasku, ennakkolasku, tai maksu\u00a0 noudettaessa toimipisteest\u00e4 ovat mahdollisia. T\u00e4m\u00e4 n\u00e4in koska kaaret toimitetaan rekkarahtina.<\/p>\n<p>&nbsp;<\/p>\n<p>Kysy ennen tilausta onko haluamasi turvakaaripaketti varastotavaraa, vai Ruotsin toimitus. Huom. kotimaan toimitus ovelle tuotuna 65\u20ac pit\u00e4\u00e4 ostaa erillisen\u00e4 tuotteena, l\u00f6ytyy samasta valikosta kuin turvakaaret. Jos tuote ei ole varastotavaraa ja sin\u00e4 tarvitset paketin nopeasti, Ruotsin toimitus 180\u20ac joka pit\u00e4\u00e4 my\u00f6s ostaa erikseen<\/p>\n<p>&nbsp;<\/p>\n<p>N\u00e4m\u00e4 turvakaaret toimitetaan aina Ruotsista, mutta voit saada ne samalla 65\u20ac kotimaan rahdilla jos tilaus saadana yhdistelty\u00e4 muihin tilauksiin.<\/p>\n<p>&nbsp;<\/p>\n<p><strong>TRAFI M\u00c4\u00c4R\u00c4YS:<\/strong><\/p>\n<p><strong>3.6 Turvakaaren tai turvakehikon asentaminen<\/strong><br \/>\nAjoneuvon sis\u00e4lle saa asentaa turvakaaren tai turvakehikon, joka ei haittaa ajoneuvossa olevien passiivisten turvavarusteiden toimintaa onnettomuustilanteessa eik\u00e4<br \/>\nkohtuuttomasti haittaa ajoneuvosta poistumista.<br \/>\nTurvakaaren ja turvakehikon p\u00e4\u00e4kaaren tulee koostua yhten\u00e4isest\u00e4 putkesta, johon<br \/>\nliitet\u00e4\u00e4n muut tarvittavat putket yhten\u00e4isell\u00e4 saumalla hitsaamalla.<br \/>\nTurvakaari tai turvakehikko tulee kiinnitt\u00e4\u00e4 ajoneuvon runkoon hitsaamalla tai itsekantavan korin pohjalevyyn v\u00e4hint\u00e4\u00e4n nelj\u00e4st\u00e4 pisteest\u00e4 v\u00e4hint\u00e4\u00e4n nelj\u00e4ll\u00e4 halkaisijaltaan 10 millimetrin ja lujuusluokaltaan 8.8 l\u00e4pipultilla, jolloin tulee k\u00e4ytt\u00e4\u00e4 v\u00e4hint\u00e4\u00e4n 3 millimetri\u00e4 paksuja kooltaan 150&#215;150 millimetri\u00e4 olevia ter\u00e4ksisi\u00e4 vahvikelevyj\u00e4 pohjalevyn molemmin puolin. Turvakaaren tai turvakehikon putket tulee liitt\u00e4\u00e4 pohjalevyn sis\u00e4puolella k\u00e4ytett\u00e4v\u00e4\u00e4n vahvikelevyyn yhten\u00e4isell\u00e4 saumalla hitsaamalla.<\/p>\n<p>Kohdat, joissa kuljettaja tai matkustaja voi ajon aikana olla kontaktissa turvakaaren<br \/>\ntai -kehikon putkeen, tulee pehmustaa v\u00e4hint\u00e4\u00e4n 5 millimetrin paksuisella pehmusteella.<br \/>\nMuun kuin alkuper\u00e4isen mukaisen turvakaaren on oltava v\u00e4hint\u00e4\u00e4n 42 millimetri\u00e4<br \/>\npaksua ja v\u00e4hint\u00e4\u00e4n 3 millimetri\u00e4 sein\u00e4m\u00e4vahvuudella olevaa profiililtaan py\u00f6re\u00e4\u00e4<br \/>\nmateriaaliltaan kylm\u00e4vedetty\u00e4, saumatonta ter\u00e4sputkea tai lujuudeltaan vastaavaa<br \/>\nputkea. Turvakaari tulee olla varustettu v\u00e4hint\u00e4\u00e4n yhdell\u00e4 ajoneuvon pituussuunnassa symmetrisesti sijoitetulla p\u00e4\u00e4kaaren (kuva 1, A) yl\u00e4vaakaputkeen kiinnitetyll\u00e4<br \/>\ntakavinotuella (kuva 1, D) ja p\u00e4\u00e4kaareen pystyputkiin vaakaputken (kuva 1, B) korkeudelle kiinnitetyill\u00e4 etuvinotuilla (kuva 1, C), jotka ulottuvat koko oviaukon pituudelle. Turvakaaren korkeuden kuljettajan istuimen istuinpinnasta on oltava v\u00e4hint\u00e4\u00e4n 850 millimetri\u00e4 (kuva 2).<\/p>\n<\/div>\n","protected":false},"excerpt":{"rendered":"<p>HUOMIO! Trafin uusimmissa ohjeissa on m\u00e4\u00e4ritelty katuk\u00e4ytt\u00f6\u00f6n katsastettavien turvakaarien minimimitat!! N\u00e4iden turvakaarien mitta 45x3mm ylitt\u00e4\u00e4 vaaditun minimin joka on 42x3mm. My\u00f6s pohjalevyt ovat vaaditut 150x150mm. Tarkista Trafin ohje ennen asennusta&#8230;.<\/p>\n","protected":false},"featured_media":28507,"comment_status":"open","ping_status":"closed","template":"","meta":{"_acf_changed":false},"product_brand":[],"product_cat":[3796],"product_tag":[],"class_list":{"0":"post-16443","1":"product","2":"type-product","3":"status-publish","4":"has-post-thumbnail","6":"product_cat-finess-turvakaaret","8":"first","9":"instock","10":"taxable","11":"shipping-taxable","12":"purchasable","13":"product-type-simple"},"bundled_by":[],"bundle_stock_status":"instock","bundle_stock_quantity":null,"bundle_virtual":false,"bundle_layout":"","bundle_add_to_cart_form_location":"","bundle_editable_in_cart":false,"bundle_sold_individually_context":"","bundle_item_grouping":"","bundle_min_size":"","bundle_max_size":"","bundle_price":[],"bundled_items":[],"bundle_sell_ids":[],"acf":[],"_links":{"self":[{"href":"https:\/\/uniball.fi\/en\/wp-json\/wp\/v2\/product\/16443","targetHints":{"allow":["GET"]}}],"collection":[{"href":"https:\/\/uniball.fi\/en\/wp-json\/wp\/v2\/product"}],"about":[{"href":"https:\/\/uniball.fi\/en\/wp-json\/wp\/v2\/types\/product"}],"replies":[{"embeddable":true,"href":"https:\/\/uniball.fi\/en\/wp-json\/wp\/v2\/comments?post=16443"}],"wp:featuredmedia":[{"embeddable":true,"href":"https:\/\/uniball.fi\/en\/wp-json\/wp\/v2\/media\/28507"}],"wp:attachment":[{"href":"https:\/\/uniball.fi\/en\/wp-json\/wp\/v2\/media?parent=16443"}],"wp:term":[{"taxonomy":"product_brand","embeddable":true,"href":"https:\/\/uniball.fi\/en\/wp-json\/wp\/v2\/product_brand?post=16443"},{"taxonomy":"product_cat","embeddable":true,"href":"https:\/\/uniball.fi\/en\/wp-json\/wp\/v2\/product_cat?post=16443"},{"taxonomy":"product_tag","embeddable":true,"href":"https:\/\/uniball.fi\/en\/wp-json\/wp\/v2\/product_tag?post=16443"}],"curies":[{"name":"wp","href":"https:\/\/api.w.org\/{rel}","templated":true}]}}