{"id":18185,"date":"2025-02-26T15:22:43","date_gmt":"2025-02-26T13:22:43","guid":{"rendered":"https:\/\/uniball.fi\/?post_type=product&#038;p=18185"},"modified":"2026-01-27T00:05:20","modified_gmt":"2026-01-26T22:05:20","slug":"rally-corsa-shop-t-paita-alitalia-etukuvalla","status":"publish","type":"product","link":"https:\/\/uniball.fi\/en\/tuote\/rally-corsa-shop-t-paita-alitalia-etukuvalla\/","title":{"rendered":"Rally Corsa Shop &#8211; T-Paita, Alitalia, etukuvalla."},"content":{"rendered":"<div class=\"product-info__block-item\" data-block-id=\"description_aqdjVL\" data-block-type=\"description\">\n<div class=\"product-info__description\">\n<div class=\"prose\">\n<div class=\"metafield-rich_text_field\">\n<p>T-paita nykyaikaisella mitoitukslla. Laadukasta esikutistettua, rengaskehr\u00e4tty\u00e4 kampapuuvillaa. Kaksinkertainen kaularesori, jossa joustavaa elastaania.<\/p>\n<p><strong>Materiaali: <\/strong>100 % puuvilla<strong><br \/>\nHoito-ohjeet:<\/strong> Konepesu 40\u00b0C k\u00e4\u00e4nnettyn\u00e4.<br \/>\nEmme suosittele kuivausrummun k\u00e4ytt\u00f6\u00e4.<\/p>\n<\/div>\n<\/div>\n<\/div>\n<\/div>\n","protected":false},"excerpt":{"rendered":"<p>T-paita nykyaikaisella mitoitukslla. Laadukasta esikutistettua, rengaskehr\u00e4tty\u00e4 kampapuuvillaa. Kaksinkertainen kaularesori, jossa joustavaa elastaania. Materiaali: 100 % puuvilla Hoito-ohjeet: Konepesu 40\u00b0C k\u00e4\u00e4nnettyn\u00e4. Emme suosittele kuivausrummun k\u00e4ytt\u00f6\u00e4.<\/p>\n","protected":false},"featured_media":18599,"comment_status":"open","ping_status":"closed","template":"","meta":{"_acf_changed":false},"product_brand":[],"product_cat":[3610],"product_tag":[],"class_list":{"0":"post-18185","1":"product","2":"type-product","3":"status-publish","4":"has-post-thumbnail","6":"product_cat-vaatteet","8":"first","9":"instock","10":"taxable","11":"shipping-taxable","12":"purchasable","13":"product-type-variable"},"bundled_by":[],"bundle_stock_status":"instock","bundle_stock_quantity":null,"bundle_virtual":false,"bundle_layout":"","bundle_add_to_cart_form_location":"","bundle_editable_in_cart":false,"bundle_sold_individually_context":"","bundle_item_grouping":"","bundle_min_size":"","bundle_max_size":"","bundle_price":[],"bundled_items":[],"bundle_sell_ids":[],"acf":[],"_links":{"self":[{"href":"https:\/\/uniball.fi\/en\/wp-json\/wp\/v2\/product\/18185","targetHints":{"allow":["GET"]}}],"collection":[{"href":"https:\/\/uniball.fi\/en\/wp-json\/wp\/v2\/product"}],"about":[{"href":"https:\/\/uniball.fi\/en\/wp-json\/wp\/v2\/types\/product"}],"replies":[{"embeddable":true,"href":"https:\/\/uniball.fi\/en\/wp-json\/wp\/v2\/comments?post=18185"}],"wp:featuredmedia":[{"embeddable":true,"href":"https:\/\/uniball.fi\/en\/wp-json\/wp\/v2\/media\/18599"}],"wp:attachment":[{"href":"https:\/\/uniball.fi\/en\/wp-json\/wp\/v2\/media?parent=18185"}],"wp:term":[{"taxonomy":"product_brand","embeddable":true,"href":"https:\/\/uniball.fi\/en\/wp-json\/wp\/v2\/product_brand?post=18185"},{"taxonomy":"product_cat","embeddable":true,"href":"https:\/\/uniball.fi\/en\/wp-json\/wp\/v2\/product_cat?post=18185"},{"taxonomy":"product_tag","embeddable":true,"href":"https:\/\/uniball.fi\/en\/wp-json\/wp\/v2\/product_tag?post=18185"}],"curies":[{"name":"wp","href":"https:\/\/api.w.org\/{rel}","templated":true}]}}