{"id":18549,"date":"2025-04-01T11:35:42","date_gmt":"2025-04-01T09:35:42","guid":{"rendered":"https:\/\/uniball.fi\/?post_type=product&#038;p=18549"},"modified":"2025-05-13T14:36:49","modified_gmt":"2025-05-13T12:36:49","slug":"rally-corsa-shop-huppari-alitalia-etukuvalla","status":"publish","type":"product","link":"https:\/\/uniball.fi\/en\/tuote\/rally-corsa-shop-huppari-alitalia-etukuvalla\/","title":{"rendered":"Rally Corsa Shop &#8211; Huppari, Alitalia, etukuva"},"content":{"rendered":"<div class=\"product-info__block-item\" data-block-id=\"description_aqdjVL\" data-block-type=\"description\">\n<div class=\"product-info__description\">\n<div class=\"prose\">\n<div class=\"metafield-rich_text_field\">\n<p>Unisex-mallinen tyylik\u00e4s collegepaita. Samasta laadukkaasta materiaalista valmistettu kuin muutkin Authentic-sarjan tuotteet.<\/p>\n<p><strong>Materiaali: <\/strong>100 % puuvilla<strong><br \/>\nPaino: <\/strong> 280 g\/m2<strong><br \/>\nMalli: <\/strong>Unisex<br \/>\n<strong>Hoito-ohjeet:<\/strong> Konepesu 40\u00b0C k\u00e4\u00e4nnettyn\u00e4. Emme suosittele kuivausrummun k\u00e4ytt\u00f6\u00e4<\/p>\n<\/div>\n<\/div>\n<\/div>\n<\/div>\n<div class=\"product-info__block-item\" data-block-id=\"offer_rLUXFN\" data-block-type=\"offer\">\n<div class=\"offer  bg-custom text-custom\">\n<div class=\"text-with-icon\"><\/div>\n<\/div>\n<\/div>\n<div class=\"product-info__block-item\" data-block-id=\"offer_rLUXFN\" data-block-type=\"offer\">\n<div class=\"offer  bg-custom text-custom\">\n<div class=\"text-with-icon\"><span class=\"bold text-sm\">Painatus on hengitt\u00e4v\u00e4 ja pehme\u00e4<\/span><\/div>\n<div class=\"prose text-sm\">\n<p>Kuva tulostetaan suoraan paitaan DTG-tekniikalla, jolloin tulostuskohta on hengitt\u00e4v\u00e4 ja pehme\u00e4.<\/p>\n<\/div>\n<\/div>\n<\/div>\n","protected":false},"excerpt":{"rendered":"<p>Unisex-mallinen tyylik\u00e4s collegepaita. Samasta laadukkaasta materiaalista valmistettu kuin muutkin Authentic-sarjan tuotteet. Materiaali: 100 % puuvilla Paino: 280 g\/m2 Malli: Unisex Hoito-ohjeet: Konepesu 40\u00b0C k\u00e4\u00e4nnettyn\u00e4. Emme suosittele kuivausrummun k\u00e4ytt\u00f6\u00e4 Painatus on&#8230;<\/p>\n","protected":false},"featured_media":18333,"comment_status":"open","ping_status":"closed","template":"","meta":{"_acf_changed":false},"product_brand":[],"product_cat":[3610],"product_tag":[],"class_list":{"0":"post-18549","1":"product","2":"type-product","3":"status-publish","4":"has-post-thumbnail","6":"product_cat-vaatteet","8":"first","9":"instock","10":"taxable","11":"shipping-taxable","12":"purchasable","13":"product-type-variable"},"bundled_by":[],"bundle_stock_status":"instock","bundle_stock_quantity":null,"bundle_virtual":false,"bundle_layout":"","bundle_add_to_cart_form_location":"","bundle_editable_in_cart":false,"bundle_sold_individually_context":"","bundle_item_grouping":"","bundle_min_size":"","bundle_max_size":"","bundle_price":[],"bundled_items":[],"bundle_sell_ids":[],"acf":[],"_links":{"self":[{"href":"https:\/\/uniball.fi\/en\/wp-json\/wp\/v2\/product\/18549","targetHints":{"allow":["GET"]}}],"collection":[{"href":"https:\/\/uniball.fi\/en\/wp-json\/wp\/v2\/product"}],"about":[{"href":"https:\/\/uniball.fi\/en\/wp-json\/wp\/v2\/types\/product"}],"replies":[{"embeddable":true,"href":"https:\/\/uniball.fi\/en\/wp-json\/wp\/v2\/comments?post=18549"}],"wp:featuredmedia":[{"embeddable":true,"href":"https:\/\/uniball.fi\/en\/wp-json\/wp\/v2\/media\/18333"}],"wp:attachment":[{"href":"https:\/\/uniball.fi\/en\/wp-json\/wp\/v2\/media?parent=18549"}],"wp:term":[{"taxonomy":"product_brand","embeddable":true,"href":"https:\/\/uniball.fi\/en\/wp-json\/wp\/v2\/product_brand?post=18549"},{"taxonomy":"product_cat","embeddable":true,"href":"https:\/\/uniball.fi\/en\/wp-json\/wp\/v2\/product_cat?post=18549"},{"taxonomy":"product_tag","embeddable":true,"href":"https:\/\/uniball.fi\/en\/wp-json\/wp\/v2\/product_tag?post=18549"}],"curies":[{"name":"wp","href":"https:\/\/api.w.org\/{rel}","templated":true}]}}