{"id":27732,"date":"2024-09-16T10:48:30","date_gmt":"2024-09-16T08:48:30","guid":{"rendered":"https:\/\/uniball.fi\/tuote\/15-17mm-pallonivelen-kartiotappi-vw-polo-1-4-16v\/"},"modified":"2025-10-28T07:59:42","modified_gmt":"2025-10-28T05:59:42","slug":"15-17mm-pallonivelen-kartiotappi-vw-polo-1-4-16v","status":"publish","type":"product","link":"https:\/\/uniball.fi\/en\/tuote\/15-17mm-pallonivelen-kartiotappi-vw-polo-1-4-16v\/","title":{"rendered":"VW Polo 1.4 16V balljoint conical pin"},"content":{"rendered":"<p>This pin is for mounting Track Control Arm (TCA) to upright\/knuckle.<\/p>\n<p>\u2013 CNC machined from 25cromo4 (same as Cromo 4130)<br \/>\n\u2013 designed for 20mm spherical bearing with 25mm high ball<br \/>\n\u2013 nylock locknuts<br \/>\n\u2013 bottom bush for torquing the joint<br \/>\n\u2013 bottom thread M16x1.5<br \/>\n\u2013 including one set for one joint<\/p>\n<p>Mounting instructions:<br \/>\n<a href=\"https:\/\/uniball.fi\/wp-content\/uploads\/2024\/10\/Lower-ball-joint-conical-pin-installation-instruction.pdf\">https:\/\/uniball.fi\/wp-content\/uploads\/2024\/10\/Lower-ball-joint-conical-pin-installation-instruction.pdf<\/a><\/p>\n<p>Fits atleast:<\/p>\n<p>VW Polo 1.4 16V<\/p>\n","protected":false},"excerpt":{"rendered":"<p>Jos rakennat VW tukivarsia niin ett\u00e4 korvaat pallonivelen varrettomalla uniball nivelell\u00e4 ja pes\u00e4ll\u00e4, tarvitset t\u00e4m\u00e4nkaltaisen tapin\u00a0olka-akselikiinnitykseen.<\/p>\n","protected":false},"featured_media":6507,"comment_status":"open","ping_status":"closed","template":"","meta":{"_acf_changed":false},"product_brand":[],"product_cat":[1868],"product_tag":[],"class_list":{"0":"post-27732","1":"product","2":"type-product","3":"status-publish","4":"has-post-thumbnail","6":"product_cat-balljoints-parts","8":"first","9":"instock","10":"taxable","11":"shipping-taxable","12":"purchasable","13":"product-type-simple"},"bundled_by":[],"bundle_stock_status":"instock","bundle_stock_quantity":null,"bundle_virtual":false,"bundle_layout":"","bundle_add_to_cart_form_location":"","bundle_editable_in_cart":false,"bundle_sold_individually_context":"","bundle_item_grouping":"","bundle_min_size":"","bundle_max_size":"","bundle_price":[],"bundled_items":[],"bundle_sell_ids":[],"acf":[],"_links":{"self":[{"href":"https:\/\/uniball.fi\/en\/wp-json\/wp\/v2\/product\/27732","targetHints":{"allow":["GET"]}}],"collection":[{"href":"https:\/\/uniball.fi\/en\/wp-json\/wp\/v2\/product"}],"about":[{"href":"https:\/\/uniball.fi\/en\/wp-json\/wp\/v2\/types\/product"}],"replies":[{"embeddable":true,"href":"https:\/\/uniball.fi\/en\/wp-json\/wp\/v2\/comments?post=27732"}],"wp:featuredmedia":[{"embeddable":true,"href":"https:\/\/uniball.fi\/en\/wp-json\/wp\/v2\/media\/6507"}],"wp:attachment":[{"href":"https:\/\/uniball.fi\/en\/wp-json\/wp\/v2\/media?parent=27732"}],"wp:term":[{"taxonomy":"product_brand","embeddable":true,"href":"https:\/\/uniball.fi\/en\/wp-json\/wp\/v2\/product_brand?post=27732"},{"taxonomy":"product_cat","embeddable":true,"href":"https:\/\/uniball.fi\/en\/wp-json\/wp\/v2\/product_cat?post=27732"},{"taxonomy":"product_tag","embeddable":true,"href":"https:\/\/uniball.fi\/en\/wp-json\/wp\/v2\/product_tag?post=27732"}],"curies":[{"name":"wp","href":"https:\/\/api.w.org\/{rel}","templated":true}]}}