{"id":28524,"date":"2025-11-30T11:05:49","date_gmt":"2025-11-30T09:05:49","guid":{"rendered":"https:\/\/uniball.fi\/tuote\/fluro-sphericals\/"},"modified":"2026-01-05T18:39:51","modified_gmt":"2026-01-05T16:39:51","slug":"fluro-sphericals-4","status":"publish","type":"product","link":"https:\/\/uniball.fi\/en\/tuote\/fluro-sphericals-4\/","title":{"rendered":"Spherical plain bearing Fluro GLXSW 18\/42mm"},"content":{"rendered":"<p>Fluro GLSXW nivellaakeri, teflon lineri. Myyd\u00e4\u00e4n kunnes varasto tyhj\u00e4, jatkossa myyd\u00e4\u00e4n edullisempaa versiota samasta nivelest\u00e4.<\/p>\n<p>d. 18mm<br \/>\nD. 42mm<br \/>\nrunko 16,5mm<br \/>\nkuula 23mm<\/p>\n","protected":false},"excerpt":{"rendered":"<p>Fluro GLSXW nivellaakeri, teflon lineri. Myyd\u00e4\u00e4n kunnes varasto tyhj\u00e4, jatkossa myyd\u00e4\u00e4n edullisempaa versiota samasta nivelest\u00e4. d. 18mm D. 42mm runko 16,5mm kuula 23mm<\/p>\n","protected":false},"featured_media":28753,"comment_status":"open","ping_status":"closed","template":"","meta":{"_acf_changed":false},"product_brand":[],"product_cat":[1929],"product_tag":[],"class_list":{"0":"post-28524","1":"product","2":"type-product","3":"status-publish","4":"has-post-thumbnail","6":"product_cat-spherical-fluro","8":"first","9":"instock","10":"taxable","11":"shipping-taxable","12":"purchasable","13":"product-type-simple"},"bundled_by":[],"bundle_stock_status":"instock","bundle_stock_quantity":null,"bundle_virtual":false,"bundle_layout":"","bundle_add_to_cart_form_location":"","bundle_editable_in_cart":false,"bundle_sold_individually_context":"","bundle_item_grouping":"","bundle_min_size":"","bundle_max_size":"","bundle_price":[],"bundled_items":[],"bundle_sell_ids":[],"acf":[],"_links":{"self":[{"href":"https:\/\/uniball.fi\/en\/wp-json\/wp\/v2\/product\/28524","targetHints":{"allow":["GET"]}}],"collection":[{"href":"https:\/\/uniball.fi\/en\/wp-json\/wp\/v2\/product"}],"about":[{"href":"https:\/\/uniball.fi\/en\/wp-json\/wp\/v2\/types\/product"}],"replies":[{"embeddable":true,"href":"https:\/\/uniball.fi\/en\/wp-json\/wp\/v2\/comments?post=28524"}],"wp:featuredmedia":[{"embeddable":true,"href":"https:\/\/uniball.fi\/en\/wp-json\/wp\/v2\/media\/28753"}],"wp:attachment":[{"href":"https:\/\/uniball.fi\/en\/wp-json\/wp\/v2\/media?parent=28524"}],"wp:term":[{"taxonomy":"product_brand","embeddable":true,"href":"https:\/\/uniball.fi\/en\/wp-json\/wp\/v2\/product_brand?post=28524"},{"taxonomy":"product_cat","embeddable":true,"href":"https:\/\/uniball.fi\/en\/wp-json\/wp\/v2\/product_cat?post=28524"},{"taxonomy":"product_tag","embeddable":true,"href":"https:\/\/uniball.fi\/en\/wp-json\/wp\/v2\/product_tag?post=28524"}],"curies":[{"name":"wp","href":"https:\/\/api.w.org\/{rel}","templated":true}]}}