{"id":30333,"date":"2026-03-09T19:24:05","date_gmt":"2026-03-09T17:24:05","guid":{"rendered":"https:\/\/uniball.fi\/tuote\/domex-bracket-20x30x3mm\/"},"modified":"2026-03-11T21:52:28","modified_gmt":"2026-03-11T19:52:28","slug":"domex-bracket-20x30x3mm","status":"publish","type":"product","link":"https:\/\/uniball.fi\/en\/tuote\/domex-bracket-20x30x3mm\/","title":{"rendered":"Domex bracket 20x30x3mm"},"content":{"rendered":"<p><strong>Laadukas Domex 700 -korvakko monipuoliseen rakentamiseen.<\/strong><\/p>\n<p>Domex 700 -suurlujuuster\u00e4ksest\u00e4 valmistettu korvakko tarjoaa erinomaisen hitsattavuuden ja lujuuden kilpa-autojen komponenttien kiinnityksiin. Korvakko on muotoiltu kest\u00e4m\u00e4\u00e4n mekaanista rasitusta ja se sopii erinomaisesti esimerkiksi pienten osien tai tukien kiinnitykseen.<\/p>\n<h3>Ominaisuudet &#8211; Features<\/h3>\n<ul>\n<li><strong>Materiaali \/ Material:<\/strong> Domex 700<\/li>\n<li><strong>Mitat \/ Dimensions:<\/strong> 20 mm x 30 mm<\/li>\n<li><strong>Paksuus \/ Thickness:<\/strong> 3 mm<\/li>\n<\/ul>\n<h3>Tekniset tiedot<\/h3>\n<table width=\"100%\" cellspacing=\"0\" cellpadding=\"2\">\n<tbody>\n<tr>\n<td><strong>Mitat (mm)<\/strong><\/td>\n<td><strong>Paksuus (mm)<\/strong><\/td>\n<td><strong>Materiaali<\/strong><\/td>\n<\/tr>\n<tr>\n<td>20 x 30<\/td>\n<td>3<\/td>\n<td>Domex 700<\/td>\n<\/tr>\n<\/tbody>\n<\/table>\n","protected":false},"excerpt":{"rendered":"<p>Laadukas Domex 700 -korvakko monipuoliseen rakentamiseen. Domex 700 -suurlujuuster\u00e4ksest\u00e4 valmistettu korvakko tarjoaa erinomaisen hitsattavuuden ja lujuuden kilpa-autojen komponenttien kiinnityksiin. Korvakko on muotoiltu kest\u00e4m\u00e4\u00e4n mekaanista rasitusta ja se sopii erinomaisesti esimerkiksi&#8230;<\/p>\n","protected":false},"featured_media":30435,"comment_status":"open","ping_status":"closed","template":"","meta":{"_acf_changed":false},"product_brand":[],"product_cat":[3801],"product_tag":[],"class_list":{"0":"post-30333","1":"product","2":"type-product","3":"status-publish","4":"has-post-thumbnail","6":"product_cat-lasercuttings-and-brackets","8":"first","9":"instock","10":"taxable","11":"shipping-taxable","12":"purchasable","13":"product-type-simple"},"bundled_by":[],"bundle_stock_status":"instock","bundle_stock_quantity":null,"bundle_virtual":false,"bundle_layout":"","bundle_add_to_cart_form_location":"","bundle_editable_in_cart":false,"bundle_sold_individually_context":"","bundle_item_grouping":"","bundle_min_size":"","bundle_max_size":"","bundle_price":[],"bundled_items":[],"bundle_sell_ids":[],"acf":[],"_links":{"self":[{"href":"https:\/\/uniball.fi\/en\/wp-json\/wp\/v2\/product\/30333","targetHints":{"allow":["GET"]}}],"collection":[{"href":"https:\/\/uniball.fi\/en\/wp-json\/wp\/v2\/product"}],"about":[{"href":"https:\/\/uniball.fi\/en\/wp-json\/wp\/v2\/types\/product"}],"replies":[{"embeddable":true,"href":"https:\/\/uniball.fi\/en\/wp-json\/wp\/v2\/comments?post=30333"}],"wp:featuredmedia":[{"embeddable":true,"href":"https:\/\/uniball.fi\/en\/wp-json\/wp\/v2\/media\/30435"}],"wp:attachment":[{"href":"https:\/\/uniball.fi\/en\/wp-json\/wp\/v2\/media?parent=30333"}],"wp:term":[{"taxonomy":"product_brand","embeddable":true,"href":"https:\/\/uniball.fi\/en\/wp-json\/wp\/v2\/product_brand?post=30333"},{"taxonomy":"product_cat","embeddable":true,"href":"https:\/\/uniball.fi\/en\/wp-json\/wp\/v2\/product_cat?post=30333"},{"taxonomy":"product_tag","embeddable":true,"href":"https:\/\/uniball.fi\/en\/wp-json\/wp\/v2\/product_tag?post=30333"}],"curies":[{"name":"wp","href":"https:\/\/api.w.org\/{rel}","templated":true}]}}