{"id":30658,"date":"2026-03-22T14:05:21","date_gmt":"2026-03-22T12:05:21","guid":{"rendered":"https:\/\/uniball.fi\/?post_type=product&#038;p=30658"},"modified":"2026-03-22T16:54:02","modified_gmt":"2026-03-22T14:54:02","slug":"domex-korvakko-60x30x3mm","status":"publish","type":"product","link":"https:\/\/uniball.fi\/en\/tuote\/domex-korvakko-60x30x3mm\/","title":{"rendered":"Domex korvakko 60x30x3mm"},"content":{"rendered":"<p><strong>Laadukas laserleikattu Domex 700 -ter\u00e4ksest\u00e4 valmistettu matalaprofiilinen korvakko motorsport-rakentamiseen.<\/strong><\/p>\n<p>T\u00e4m\u00e4 nro 13 -mallinen yleisk\u00e4ytt\u00f6inen korvakko on valmistettu eritt\u00e4in lujasta Domex-ter\u00e4ksest\u00e4, joka on tunnettu erinomaisesta hitsattavuudestaan. Leve\u00e4 muoto ja 10 mm kiinnitysreik\u00e4 mahdollistavat tukevan asennuksen ahtaisiinkin paikkoihin.<\/p>\n<h3>Ominaisuudet:<\/h3>\n<ul>\n<li><strong>Materiaali:<\/strong> Domex 700 -ter\u00e4s.<\/li>\n<li><strong>Leveys:<\/strong> 60 mm.<\/li>\n<li><strong>Korkeus:<\/strong> 30 mm.<\/li>\n<li><strong>Paksuus:<\/strong> 3 mm.<\/li>\n<li><strong>Reik\u00e4:<\/strong> 10 mm.<\/li>\n<li><strong>Myyntier\u00e4:<\/strong> 1 kpl.<\/li>\n<\/ul>\n<h3>Tekniset mitat:<\/h3>\n<table width=\"100%\" cellspacing=\"0\" cellpadding=\"2\" border=\"1\">\n<tbody>\n<tr>\n<td><strong>Tyyppi<\/strong><\/td>\n<td><strong>Leveys<\/strong><\/td>\n<td><strong>Korkeus<\/strong><\/td>\n<td><strong>Paksuus<\/strong><\/td>\n<td><strong>Reik\u00e4<\/strong><\/td>\n<\/tr>\n<tr>\n<td>Domex nro 13<\/td>\n<td>60 mm<\/td>\n<td>30 mm<\/td>\n<td>3 mm<\/td>\n<td>10 mm<\/td>\n<\/tr>\n<\/tbody>\n<\/table>\n","protected":false},"excerpt":{"rendered":"<p>Laadukas laserleikattu Domex 700 -ter\u00e4ksest\u00e4 valmistettu matalaprofiilinen korvakko motorsport-rakentamiseen. T\u00e4m\u00e4 nro 13 -mallinen yleisk\u00e4ytt\u00f6inen korvakko on valmistettu eritt\u00e4in lujasta Domex-ter\u00e4ksest\u00e4, joka on tunnettu erinomaisesta hitsattavuudestaan. Leve\u00e4 muoto ja 10 mm&#8230;<\/p>\n","protected":false},"featured_media":30665,"comment_status":"open","ping_status":"closed","template":"","meta":{"_acf_changed":false},"product_brand":[],"product_cat":[3800],"product_tag":[],"class_list":{"0":"post-30658","1":"product","2":"type-product","3":"status-publish","4":"has-post-thumbnail","6":"product_cat-laserleikkeet-ja-korvakot","8":"first","9":"instock","10":"taxable","11":"shipping-taxable","12":"purchasable","13":"product-type-simple"},"bundled_by":[],"bundle_stock_status":"instock","bundle_stock_quantity":null,"bundle_virtual":false,"bundle_layout":"","bundle_add_to_cart_form_location":"","bundle_editable_in_cart":false,"bundle_sold_individually_context":"","bundle_item_grouping":"","bundle_min_size":"","bundle_max_size":"","bundle_price":[],"bundled_items":[],"bundle_sell_ids":[],"acf":[],"_links":{"self":[{"href":"https:\/\/uniball.fi\/en\/wp-json\/wp\/v2\/product\/30658","targetHints":{"allow":["GET"]}}],"collection":[{"href":"https:\/\/uniball.fi\/en\/wp-json\/wp\/v2\/product"}],"about":[{"href":"https:\/\/uniball.fi\/en\/wp-json\/wp\/v2\/types\/product"}],"replies":[{"embeddable":true,"href":"https:\/\/uniball.fi\/en\/wp-json\/wp\/v2\/comments?post=30658"}],"wp:featuredmedia":[{"embeddable":true,"href":"https:\/\/uniball.fi\/en\/wp-json\/wp\/v2\/media\/30665"}],"wp:attachment":[{"href":"https:\/\/uniball.fi\/en\/wp-json\/wp\/v2\/media?parent=30658"}],"wp:term":[{"taxonomy":"product_brand","embeddable":true,"href":"https:\/\/uniball.fi\/en\/wp-json\/wp\/v2\/product_brand?post=30658"},{"taxonomy":"product_cat","embeddable":true,"href":"https:\/\/uniball.fi\/en\/wp-json\/wp\/v2\/product_cat?post=30658"},{"taxonomy":"product_tag","embeddable":true,"href":"https:\/\/uniball.fi\/en\/wp-json\/wp\/v2\/product_tag?post=30658"}],"curies":[{"name":"wp","href":"https:\/\/api.w.org\/{rel}","templated":true}]}}